{"id":178,"date":"2023-10-12T01:11:07","date_gmt":"2023-10-11T22:11:07","guid":{"rendered":"https:\/\/www.titansamakina.com\/index.php\/maintenance-page\/"},"modified":"2024-10-19T12:58:36","modified_gmt":"2024-10-19T09:58:36","slug":"anasayfa","status":"publish","type":"page","link":"https:\/\/www.titansamakina.com\/","title":{"rendered":"Anasayfa"},"content":{"rendered":"\n<div class=\"wp-block-cover alignfull is-light has-black-color has-text-color\"><span aria-hidden=\"true\" class=\"wp-block-cover__background has-white-background-color has-background-dim\"><\/span><div class=\"wp-block-cover__inner-container is-layout-flow wp-block-cover-is-layout-flow\">\n<div class=\"wp-block-group alignfull is-layout-constrained wp-block-group-is-layout-constrained\">\n<div class=\"wp-block-columns alignwide are-vertically-aligned-center is-layout-flex wp-container-core-columns-is-layout-28f84493 wp-block-columns-is-layout-flex\">\n<div class=\"wp-block-column is-vertically-aligned-center is-layout-flow wp-block-column-is-layout-flow\" style=\"flex-basis:100%\">\n<div id=\"wp-block-themeisle-blocks-advanced-columns-0d617423\" class=\"wp-block-themeisle-blocks-advanced-columns alignfull has-1-columns has-desktop-equal-layout has-tablet-equal-layout has-mobile-equal-layout has-vertical-unset has-vertical-undefined has-light-bg\"><div class=\"wp-block-themeisle-blocks-advanced-columns-overlay\"><\/div><div class=\"innerblocks-wrap\">\n<div id=\"wp-block-themeisle-blocks-advanced-column-34f575ea\" class=\"wp-block-themeisle-blocks-advanced-column has-light-bg\">\n<div class=\"wp-block-columns are-vertically-aligned-center is-layout-flex wp-container-core-columns-is-layout-28f84493 wp-block-columns-is-layout-flex\">\n<div class=\"wp-block-column is-vertically-aligned-center is-layout-flow wp-block-column-is-layout-flow\" style=\"flex-basis:100%\">\n<div class=\"wp-block-group is-layout-constrained wp-block-group-is-layout-constrained\">\n<figure class=\"wp-block-table aligncenter\"><table><tbody><tr><td>\n<h4 style=\"text-align: center;\"><strong>Site Bak\u0131m \u00c7al\u0131\u015fmas\u0131ndad\u0131r \/ The site is in maintenance work.<\/strong><\/h4>\n<figure><img loading=\"lazy\" decoding=\"async\" class=\"aligncenter wp-image-11 size-full\" style=\"text-align: left;\" src=\"https:\/\/www.titansamakina.com\/wp-content\/uploads\/2023\/08\/titansa_logo111.jpg\" alt=\"\" width=\"249\" height=\"113\"><\/figure><p><\/p>\n<\/td><\/tr><tr><td><strong>\u00dcr\u00fcnler hakk\u0131nda bilgi almak i\u00e7in \/ For information about the products<\/strong><\/td><\/tr><tr><td><strong>E-mail:<\/strong> <span style=\"color: #ff0000;\">sales@titansamakina.com<\/span><\/td><\/tr><tr><td><strong>Teknik servis i\u00e7in \/ For technical service<\/strong><\/td><\/tr><tr><td><strong>E-mail:<\/strong> <span style=\"color: #ff0000;\">service@titansamakina.com<\/span><\/td><\/tr><tr><td><strong>Tel \/ Phone :<\/strong><span style=\"color: #ff0000;\"> +90 532 689 88 67<\/span><\/td><\/tr><tr><td><strong>E-mail:<\/strong> <span style=\"color: #ff0000;\">info@titansamakina.com<\/span><\/td><\/tr><tr><td><strong>Fabrika Adres \/ Factory Address<\/strong><\/td><\/tr><tr><td>\u0130vedik OSB, Ak Osb \u0130\u015f Merkezi, 1468.Cadde No:163 D:6 Yenimahalle\/Ankara<\/td><\/tr><\/tbody><\/table><\/figure>\n\n\n\n<p class=\"has-text-align-left\">&nbsp;<\/p>\n\n\n\n<p class=\"has-text-align-left\">&nbsp;<\/p>\n<\/div>\n<\/div>\n<\/div>\n<\/div>\n<\/div><\/div>\n<\/div>\n<\/div>\n<\/div>\n<\/div><\/div>\n","protected":false},"excerpt":{"rendered":"","protected":false},"author":1,"featured_media":0,"parent":0,"menu_order":0,"comment_status":"closed","ping_status":"closed","template":"templates\/wpmm-page-template.php","meta":{"colormag_page_container_layout":"no_sidebar_content_centered","colormag_page_sidebar_layout":"no_sidebar","_themeisle_gutenberg_block_has_review":false,"footnotes":""},"class_list":["post-178","page","type-page","status-publish","hentry"],"_links":{"self":[{"href":"https:\/\/www.titansamakina.com\/index.php\/wp-json\/wp\/v2\/pages\/178","targetHints":{"allow":["GET"]}}],"collection":[{"href":"https:\/\/www.titansamakina.com\/index.php\/wp-json\/wp\/v2\/pages"}],"about":[{"href":"https:\/\/www.titansamakina.com\/index.php\/wp-json\/wp\/v2\/types\/page"}],"author":[{"embeddable":true,"href":"https:\/\/www.titansamakina.com\/index.php\/wp-json\/wp\/v2\/users\/1"}],"replies":[{"embeddable":true,"href":"https:\/\/www.titansamakina.com\/index.php\/wp-json\/wp\/v2\/comments?post=178"}],"version-history":[{"count":28,"href":"https:\/\/www.titansamakina.com\/index.php\/wp-json\/wp\/v2\/pages\/178\/revisions"}],"predecessor-version":[{"id":234,"href":"https:\/\/www.titansamakina.com\/index.php\/wp-json\/wp\/v2\/pages\/178\/revisions\/234"}],"wp:attachment":[{"href":"https:\/\/www.titansamakina.com\/index.php\/wp-json\/wp\/v2\/media?parent=178"}],"curies":[{"name":"wp","href":"https:\/\/api.w.org\/{rel}","templated":true}]}}